{"id":40,"date":"2025-06-08T09:16:26","date_gmt":"2025-06-08T09:16:26","guid":{"rendered":"https:\/\/hikebuddy.eu\/sign-in\/"},"modified":"2025-11-20T12:16:23","modified_gmt":"2025-11-20T10:16:23","slug":"sign-in","status":"publish","type":"page","link":"https:\/\/hikebuddy.eu\/sl\/sign-in\/","title":{"rendered":"Sign In"},"content":{"rendered":"<div data-elementor-type=\"wp-page\" data-elementor-id=\"40\" class=\"elementor elementor-40\" data-elementor-post-type=\"page\">\n\t\t\t\t<div class=\"elementor-element elementor-element-10915cc1 e-flex e-con-boxed e-con e-parent\" data-id=\"10915cc1\" data-element_type=\"container\">\n\t\t\t\t\t<div class=\"e-con-inner\">\n\t\t\t\t<div class=\"elementor-element elementor-element-917e790 elementor-widget elementor-widget-shortcode\" data-id=\"917e790\" data-element_type=\"widget\" data-widget_type=\"shortcode.default\">\n\t\t\t\t<div class=\"elementor-widget-container\">\n\t\t\t\t\t\t\t<div class=\"elementor-shortcode\"><div class=\"nsl-container nsl-container-block\" data-align=\"left\"><div class=\"nsl-container-buttons\"><a href=\"https:\/\/hikebuddy.eu\/wp-login.php?loginSocial=google&#038;redirect=current\" rel=\"nofollow\" aria-label=\"Continue with &lt;b&gt;Google&lt;\/b&gt;\" data-plugin=\"nsl\" data-action=\"connect\" data-provider=\"google\" data-popupwidth=\"600\" data-popupheight=\"600\" data-e-disable-page-transition=\"1\"><div class=\"nsl-button nsl-button-default nsl-button-google\" data-skin=\"light\" style=\"background-color:#fff;\"><div class=\"nsl-button-svg-container\"><svg xmlns=\"http:\/\/www.w3.org\/2000\/svg\" width=\"24\" height=\"24\" viewbox=\"0 0 24 24\"><path fill=\"#4285F4\" d=\"M20.64 12.2045c0-.6381-.0573-1.2518-.1636-1.8409H12v3.4814h4.8436c-.2086 1.125-.8427 2.0782-1.7959 2.7164v2.2581h2.9087c1.7018-1.5668 2.6836-3.874 2.6836-6.615z\"><\/path><path fill=\"#34A853\" d=\"M12 21c2.43 0 4.4673-.806 5.9564-2.1805l-2.9087-2.2581c-.8059.54-1.8368.859-3.0477.859-2.344 0-4.3282-1.5831-5.036-3.7104H3.9574v2.3318C5.4382 18.9832 8.4818 21 12 21z\"><\/path><path fill=\"#FBBC05\" d=\"M6.964 13.71c-.18-.54-.2822-1.1168-.2822-1.71s.1023-1.17.2823-1.71V7.9582H3.9573A8.9965 8.9965 0 0 0 3 12c0 1.4523.3477 2.8268.9573 4.0418L6.964 13.71z\"><\/path><path fill=\"#EA4335\" d=\"M12 6.5795c1.3214 0 2.5077.4541 3.4405 1.346l2.5813-2.5814C16.4632 3.8918 14.426 3 12 3 8.4818 3 5.4382 5.0168 3.9573 7.9582L6.964 10.29C7.6718 8.1627 9.6559 6.5795 12 6.5795z\"><\/path><\/svg><\/div><div class=\"nsl-button-label-container\">Continue with <b>Google<\/b><\/div><\/div><\/a><\/div><\/div>\n\n<script src=\"https:\/\/t.contentsquare.net\/uxa\/aa8f6a5ffc2a0.js\"><\/script><\/div>\n\t\t\t\t\t\t<\/div>\n\t\t\t\t<\/div>\n\t\t\t\t<div class=\"elementor-element elementor-element-6e14b62 elementor-widget elementor-widget-html\" data-id=\"6e14b62\" data-element_type=\"widget\" data-widget_type=\"html.default\">\n\t\t\t\t<div class=\"elementor-widget-container\">\n\t\t\t\t\t<div id=\"instagram-browser-notice\" style=\"display:none; padding:12px 16px; border-radius:8px; background:#FFF4D6; font-size:14px; line-height:1.4; margin:10px 0;\">\n\n  \ud83d\udc4b Want to <b>sign in with Google?<\/b><br>Looks like you're opening this page from Instagram.  <br> Tap the three dots in the top-right and choose <strong>\u201cOpen in browser\u201d<\/strong>.\n<\/div>\n\n<script>\n  document.addEventListener('DOMContentLoaded', function () {\n    var ua = navigator.userAgent || \"\";\n    \/\/ Instagram in-app browser has \"Instagram\" in the user agent\n    if (ua.indexOf(\"Instagram\") !== -1) {\n      var box = document.getElementById(\"instagram-browser-notice\");\n      if (box) box.style.display = \"block\";\n    }\n  });\n<\/script>\n\t\t\t\t<\/div>\n\t\t\t\t<\/div>\n\t\t\t\t<div class=\"elementor-element elementor-element-fd27d8b elementor-widget elementor-widget-html\" data-id=\"fd27d8b\" data-element_type=\"widget\" data-widget_type=\"html.default\">\n\t\t\t\t<div class=\"elementor-widget-container\">\n\t\t\t\t\t<div class=\"hb-or\">\r\n  <span>or<\/span>\r\n<\/div>\r\n\r\n<style>\r\n  \/* OR divider (desktop & mobile) *\/\r\n  .hb-or{\r\n    display:flex; align-items:center; justify-content:center;\r\n    margin:20px auto;\r\n    width:90%;              \/* ne \u010dez cel ekran *\/\r\n    max-width:420px;        \/* poravnano s formo *\/\r\n    gap:12px;\r\n  }\r\n  .hb-or::before,\r\n  .hb-or::after{\r\n    content:\"\";\r\n    flex:1 1 auto;\r\n    border-top:1px solid #ddd;\r\n  }\r\n  .hb-or > span{\r\n    font-weight:500; color:#555;\r\n    line-height:1; white-space:nowrap;\r\n  }\r\n\r\n  \/* Na zelo ozkih mobijih \u0161e malo o\u017eamo \u010drto *\/\r\n  @media (max-width: 480px){\r\n    .hb-or{ width:88%; max-width:360px; }\r\n  }\r\n<\/style>\r\n\t\t\t\t<\/div>\n\t\t\t\t<\/div>\n\t\t\t\t<div class=\"elementor-element elementor-element-2387e5f6 elementor-widget elementor-widget-shortcode\" data-id=\"2387e5f6\" data-element_type=\"widget\" data-widget_type=\"shortcode.default\">\n\t\t\t\t<div class=\"elementor-widget-container\">\n\t\t\t\t\t\t\t<div class=\"elementor-shortcode\"><div class=\"directorist-w-100\">\n    <div class=\"directorist-container-fluid\">\n        <div class=\"directorist-row\">\n            <div class=\"directorist-col-md-6 directorist-offset-md-3 directorist-login-wrapper directorist-authentication active\">\n                <div class=\"atbdp_login_form_shortcode directorist-authentication__form\">\n\n                    \n                    \n                    \n                                            <form action=\"#\" id=\"directorist__authentication__login\" method=\"POST\" class=\"directorist__authentication__signin\" data-trp-original-action=\"#\">\n                            <p class=\"status\"><\/p>\n                            <div class=\"directorist-form-group directorist-mb-15\">\n                                <label for=\"directorist__authentication__signin__username\">Username or Email Address<\/label>\n                                <input type=\"text\" class=\"directorist-form-element\" id=\"username\" name=\"username\" \/>\n                            <\/div>\n\n                            <div class=\"directorist-form-group directorist-password-group\">\n                                <label for=\"directorist__authentication__signin__password\">Password<\/label>\n                                <input type=\"password\" id=\"password\" autocomplete=\"off\" name=\"password\" class=\"directorist-form-element directorist-password-group-input\"\/>\n                                <span class=\"directorist-password-group-toggle\">\n                                    <svg class=\"directorist-password-group-eyeIcon\" xmlns=\"http:\/\/www.w3.org\/2000\/svg\" width=\"22\" height=\"22\" fill=\"none\" viewbox=\"0 0 24 24\">\n                                        <path stroke=\"#888\" stroke-width=\"2\" d=\"M1.5 12S5.5 5.5 12 5.5 22.5 12 22.5 12 18.5 18.5 12 18.5 1.5 12 1.5 12Z\"\/>\n                                        <circle cx=\"12\" cy=\"12\" r=\"3.5\" stroke=\"#888\" stroke-width=\"2\"\/>\n                                    <\/svg>\n                                <\/span>\n                            <\/div>\n                            <div class=\"directorist-authentication__form__actions\">\n\n                                                                    <div class=\"keep_signed directorist-checkbox\">\n                                        <input type=\"checkbox\" id=\"directorist_login_keep_signed_in\" value=\"1\" name=\"keep_signed_in\" checked \/>\n                                        <label for=\"directorist_login_keep_signed_in\" class=\"directorist-checkbox__label not_empty\">\n                                            Remember Me                                        <\/label>\n                                    <\/div>\n                                \n                                <a href='' class='atbdp_recovery_pass'> Recover Password<\/a>                            <\/div>\n\n                            <div class=\"directorist-form-group atbd_login_btn_wrapper directorist-mb-15 directorist-authentication__form__btn-wrapper\">\n                                <button class=\"directorist-btn directorist-btn-block directorist-authentication__form__btn\" type=\"submit\" value=\"Log In\" name=\"submit\" aria-label=\"Signin Button\">Log In<\/button>\n                                <input type=\"hidden\" id=\"security\" name=\"security\" value=\"1b23965eb6\" \/><input type=\"hidden\" name=\"_wp_http_referer\" value=\"\/sl\/wp-json\/wp\/v2\/pages\/40\" \/>                            <\/div>\n                        <input type=\"hidden\" name=\"trp-form-language\" value=\"sl\"\/><\/form>\n\n                        <div class=\"atbd_social_login\">\n                                                    <\/div>\n\n                                                    <div class=\"directorist-authentication__form__toggle-area\">\n                                Don&#039;t have an account?                                <button class=\"directorist-authentication__btn directorist-authentication__btn--signup\" aria-label=\"Signup Button\">Sign Up For Free<\/button>\n                            <\/div>\n                        \n                        \n                        <div id=\"recover-pass-modal\" class=\"directorist-mt-15 directorist-authentication__form__recover-pass-modal\">\n                            <form action=\"#\" method=\"post\" data-trp-original-action=\"#\">\n                                <fieldset class=\"directorist-form-group\">\n                                    <p>Lost your password? Please enter your email address. You will receive a link to create a new password via email.<\/p>\n                                    <label for=\"reset_user_login\">E-mail<\/label>\n                                    <input type=\"text\" class=\"directorist-mb-15 directorist-form-element\" name=\"user_login\" id=\"reset_user_login\" value=\"\" placeholder=\"your.mail@example.com\" required=\"required\" \/>\n                                    <div class=\"directorist-authentication__form__btn-wrapper\">\n                                        <input type=\"hidden\" name=\"action\" value=\"reset\" \/>\n                                        <button type=\"submit\" class=\"directorist-btn directorist-authentication__form__btn\" id=\"directorist__authentication__submit\" aria-label=\"Recover Password Button\">Get New Password<\/button>\n                                        <input type=\"hidden\" value=\"3e58dafcc3\" name=\"directorist_nonce\">\n                                    <\/div>\n                                <\/fieldset>\n                            <input type=\"hidden\" name=\"trp-form-language\" value=\"sl\"\/><\/form>\n                        <\/div>\n                                    <\/div><!-- \/.atbdp_login_form_shortcode -->\n            <\/div>\n\n                        <div class=\"directorist-col-md-6 directorist-offset-md-3 directorist-registration-wrapper directorist-authentication\">\n                <div class=\"directory_register_form_wrap directorist-authentication__form\">\n                    <div class=\"add_listing_title atbd_success_mesage directorist-authentication__message\">\n                                                <!--Registration failed, so show notification.-->\n                        <p style=\"padding: 20px; display:none;\" class=\"alert-danger directorist-register-error\"><i class=\"directorist-icon-mask\" aria-hidden=\"true\" style=\"--directorist-icon: url(https:\/\/hikebuddy.eu\/wp-content\/plugins\/directorist\/assets\/icons\/line-awesome\/svgs\/exclamation-triangle-solid.svg)\"><\/i><\/p>\n                    <\/div>\n                    <form action=\"#\" method=\"post\" class=\"directorist__authentication__signup\" data-trp-original-action=\"#\">\n                        <div class=\"directorist-form-group directorist-mb-35\">\n                            <label for=\"directorist__authentication__signup__username\">Username <strong class=\"directorist-form-required\">*<\/strong><\/label>\n                            <input id=\"directorist__authentication__signup__username\" class=\"directorist-form-element\" type=\"text\" name=\"username\" value=\"\" required>\n                        <\/div>\n                        <div class=\"directorist-form-group directorist-mb-35\">\n                            <label for=\"directorist__authentication__signup__email\">Email <strong class=\"directorist-form-required\">*<\/strong><\/label>\n                            <input id=\"directorist__authentication__signup__email\" class=\"directorist-form-element\" type=\"text\" name=\"email\" value=\"\" required>\n                        <\/div>\n                                                    <div class=\"directorist-form-group directorist-mb-35\">\n                                <label for=\"directorist__authentication__signup__password\">Password<strong class=\"directorist-form-required\">*<\/strong><\/label>\n                                <input id=\"directorist__authentication__signup__password\" class=\"directorist-form-element\" type=\"password\" name=\"password\" value=\"\" required>\n                            <\/div>\n                                                                        <div class=\"directorist-form-group directorist-mb-35\">\n                            <label for=\"directorist__authentication__signup__fname\">First Name<strong class=\"directorist-form-required\">*<\/strong><\/label>\n                            <input id=\"directorist__authentication__signup__fname\" class=\"directorist-form-element\" type=\"text\" name=\"fname\" value=\"\" required>\n                        <\/div>\n                                                                        <div class=\"directorist-form-group directorist-mb-35\">\n                            <label for=\"directorist__authentication__signup__lname\">Last Name<strong class=\"directorist-form-required\">*<\/strong><\/label>\n                            <input class=\"directorist-form-element\" id=\"directorist__authentication__signup__lname\" type=\"text\" name=\"lname\" value=\"\" required>\n                        <\/div>\n                                                                                                <div class=\"directorist-form-group directorist-mb-35\">\n                            <label for=\"directorist__authentication__signup__bio\">About\/bio<strong class=\"directorist-form-required\">*<\/strong><\/label>\n                            <textarea id=\"directorist__authentication__signup__bio\" class=\"directorist-form-element\" name=\"bio\" rows=\"10\" placeholder=\"About\/bio\" required><\/textarea>\n                        <\/div>\n                        \n                        \n                                                    <div class=\"atbd_privacy_policy_area directory_regi_btn directorist-checkbox directorist-mb-20\">\n                                <input id=\"directorist__authentication__signup__privacy_policy\" type=\"checkbox\" name=\"privacy_policy\" >\n                                <label for=\"directorist__authentication__signup__privacy_policy\" class=\"directorist-checkbox__label\">I agree to the <a style=\"color: red\" target=\"_blank\" href=\"https:\/\/hikebuddy.eu\/sl\/privacy-policy\/\">Privacy &amp; Policy<\/a> <span class=\"directorist-form-required\">*<\/span><\/label>\n                            <\/div>\n                                                                            <div class=\"atbd_term_and_condition_area directory_regi_btn directorist-checkbox directorist-mb-30\">\n                                <input id=\"directorist__authentication__signup__listing_t\" type=\"checkbox\" name=\"t_c_check\" >\n                                <label for=\"directorist__authentication__signup__listing_t\" class=\"directorist-checkbox__label\">I agree with all                                    <a style=\"color: red\" target=\"_blank\" href=\"https:\/\/hikebuddy.eu\/sl\/terms-and-conditions\/\">terms &amp; conditions<\/a> <span class=\"directorist-form-required\">*<\/span><\/label>\n                            <\/div>\n                        \n                                                <div class=\"directory_regi_btn directorist-mb-15\">\n                                                        <input type=\"hidden\" name='previous_page' value=''>\n                                                        <input type=\"hidden\" value=\"3e58dafcc3\" name=\"directorist_nonce\">\n                            <a class=\"directorist-btn directorist-authentication__form__btn\" href=\"#\">Sign Up<\/a>\n                        <\/div>\n                        <div class=\"directory_regi_btn directorist-authentication__form__toggle-area\">\n                            <p>Already have an account? <button class=\"directorist-authentication__btn directorist-authentication__btn--signin\">Login<\/button><\/p>\n                        <\/div>\n                    <input type=\"hidden\" name=\"trp-form-language\" value=\"sl\"\/><\/form>\n                <\/div>\n            <\/div>\n                    <\/div>\n    <\/div>\n<\/div><\/div>\n\t\t\t\t\t\t<\/div>\n\t\t\t\t<\/div>\n\t\t\t\t<div class=\"elementor-element elementor-element-c9f72ea elementor-widget elementor-widget-html\" data-id=\"c9f72ea\" data-element_type=\"widget\" data-widget_type=\"html.default\">\n\t\t\t\t<div class=\"elementor-widget-container\">\n\t\t\t\t\t<div style=\"margin-top:200px;\"><\/div>\n\t\t\t\t<\/div>\n\t\t\t\t<\/div>\n\t\t\t\t\t<\/div>\n\t\t\t\t<\/div>\n\t\t\t\t<\/div>","protected":false},"excerpt":{"rendered":"<p>\ud83d\udc4b Want to sign in with Google?Looks like you&#8217;re opening this page from Instagram. Tap the three dots in the top-right and choose \u201cOpen in browser\u201d. or<\/p>","protected":false},"author":1,"featured_media":0,"parent":0,"menu_order":0,"comment_status":"closed","ping_status":"closed","template":"","meta":{"inline_featured_image":false,"footnotes":""},"class_list":["post-40","page","type-page","status-publish","hentry"],"aioseo_notices":[],"_links":{"self":[{"href":"https:\/\/hikebuddy.eu\/sl\/wp-json\/wp\/v2\/pages\/40","targetHints":{"allow":["GET"]}}],"collection":[{"href":"https:\/\/hikebuddy.eu\/sl\/wp-json\/wp\/v2\/pages"}],"about":[{"href":"https:\/\/hikebuddy.eu\/sl\/wp-json\/wp\/v2\/types\/page"}],"author":[{"embeddable":true,"href":"https:\/\/hikebuddy.eu\/sl\/wp-json\/wp\/v2\/users\/1"}],"replies":[{"embeddable":true,"href":"https:\/\/hikebuddy.eu\/sl\/wp-json\/wp\/v2\/comments?post=40"}],"version-history":[{"count":54,"href":"https:\/\/hikebuddy.eu\/sl\/wp-json\/wp\/v2\/pages\/40\/revisions"}],"predecessor-version":[{"id":1498,"href":"https:\/\/hikebuddy.eu\/sl\/wp-json\/wp\/v2\/pages\/40\/revisions\/1498"}],"wp:attachment":[{"href":"https:\/\/hikebuddy.eu\/sl\/wp-json\/wp\/v2\/media?parent=40"}],"curies":[{"name":"wp","href":"https:\/\/api.w.org\/{rel}","templated":true}]}}